{"id":8,"date":"2026-04-17T13:23:51","date_gmt":"2026-04-17T13:23:51","guid":{"rendered":"https:\/\/testing.bernards.academy\/?page_id=8"},"modified":"2026-04-17T13:23:51","modified_gmt":"2026-04-17T13:23:51","slug":"startseite","status":"publish","type":"page","link":"https:\/\/testing.bernards.academy\/","title":{"rendered":"Startseite"},"content":{"rendered":"\n<p>Willkommen bei Bernards Academy<\/p>\n\n\n\n<p>Wir begleiten Lernende und Interessierte auf ihrem Weg in eine moderne und praxisnahe Ausbildung.<\/p>\n\n\n\n<p>Unsere Angebote umfassen Weiterbildung, Kurse und individuelle Unterst\u00fctzung im IT- und Bildungsbereich.<\/p>\n\n\n\n<p>Informieren Sie sich auf unserer Website \u00fcber unsere Leistungen, Kontaktm\u00f6glichkeiten und Angebote.<\/p>\n","protected":false},"excerpt":{"rendered":"<p>Willkommen bei Bernards Academy Wir begleiten Lernende und Interessierte auf ihrem Weg in eine moderne und praxisnahe Ausbildung. Unsere Angebote umfassen Weiterbildung, Kurse und individuelle Unterst\u00fctzung im IT- und Bildungsbereich. Informieren Sie sich auf unserer Website \u00fcber unsere Leistungen, Kontaktm\u00f6glichkeiten und Angebote.<\/p>\n","protected":false},"author":1,"featured_media":0,"parent":0,"menu_order":0,"comment_status":"closed","ping_status":"closed","template":"","meta":{"footnotes":""},"class_list":["post-8","page","type-page","status-publish","hentry"],"_links":{"self":[{"href":"https:\/\/testing.bernards.academy\/wp-json\/wp\/v2\/pages\/8","targetHints":{"allow":["GET"]}}],"collection":[{"href":"https:\/\/testing.bernards.academy\/wp-json\/wp\/v2\/pages"}],"about":[{"href":"https:\/\/testing.bernards.academy\/wp-json\/wp\/v2\/types\/page"}],"author":[{"embeddable":true,"href":"https:\/\/testing.bernards.academy\/wp-json\/wp\/v2\/users\/1"}],"replies":[{"embeddable":true,"href":"https:\/\/testing.bernards.academy\/wp-json\/wp\/v2\/comments?post=8"}],"version-history":[{"count":1,"href":"https:\/\/testing.bernards.academy\/wp-json\/wp\/v2\/pages\/8\/revisions"}],"predecessor-version":[{"id":9,"href":"https:\/\/testing.bernards.academy\/wp-json\/wp\/v2\/pages\/8\/revisions\/9"}],"wp:attachment":[{"href":"https:\/\/testing.bernards.academy\/wp-json\/wp\/v2\/media?parent=8"}],"curies":[{"name":"wp","href":"https:\/\/api.w.org\/{rel}","templated":true}]}}